{"id":62,"date":"2026-01-28T08:54:31","date_gmt":"2026-01-28T08:54:31","guid":{"rendered":"https:\/\/fue.ch\/?page_id=62"},"modified":"2026-01-28T08:57:55","modified_gmt":"2026-01-28T08:57:55","slug":"kontakt","status":"publish","type":"page","link":"https:\/\/fue.ch\/index.php\/kontakt\/","title":{"rendered":"Kontakt"},"content":{"rendered":"\n<p><strong>Unser Standort \u2013 Ihr Vorteil<\/strong><br>Mit unserem Standort im&nbsp;<strong>Z\u00fcrcher Oberland<\/strong>&nbsp;sind wir zentral gelegen, nur einen Steinwurf von&nbsp;<strong>Z\u00fcrich<\/strong>&nbsp;entfernt und direkt in der N\u00e4he der Industriezentren. So k\u00f6nnen wir schnell auf Ihre Projekte reagieren und flexibel arbeiten.<\/p>\n\n\n\n<p><strong>Projektanfragen lohnen sich immer!<\/strong>\u00a0<\/p>\n\n\n\n<p>Nutzen Sie unser\u00a0Kontaktformular\u00a0und starten Sie noch heute Ihr individuelles 3D-Druck- oder Laserprojekt.<\/p>\n\n\n\n<div class=\"wpcf7 no-js\" id=\"wpcf7-f54-o1\" lang=\"de-DE\" dir=\"ltr\" data-wpcf7-id=\"54\">\n<div class=\"screen-reader-response\"><p role=\"status\" aria-live=\"polite\" aria-atomic=\"true\"><\/p> <ul><\/ul><\/div>\n<form action=\"\/index.php\/wp-json\/wp\/v2\/pages\/62#wpcf7-f54-o1\" method=\"post\" class=\"wpcf7-form init\" aria-label=\"Kontaktformular\" novalidate=\"novalidate\" data-status=\"init\">\n<fieldset class=\"hidden-fields-container\"><input type=\"hidden\" name=\"_wpcf7\" value=\"54\" \/><input type=\"hidden\" name=\"_wpcf7_version\" value=\"6.1.4\" \/><input type=\"hidden\" name=\"_wpcf7_locale\" value=\"de_DE\" \/><input type=\"hidden\" name=\"_wpcf7_unit_tag\" value=\"wpcf7-f54-o1\" \/><input type=\"hidden\" name=\"_wpcf7_container_post\" value=\"0\" \/><input type=\"hidden\" name=\"_wpcf7_posted_data_hash\" value=\"\" \/>\n<\/fieldset>\n<p><label> Dein Name<br \/>\n<span class=\"wpcf7-form-control-wrap\" data-name=\"your-name\"><input size=\"40\" maxlength=\"400\" class=\"wpcf7-form-control wpcf7-text wpcf7-validates-as-required\" autocomplete=\"name\" aria-required=\"true\" aria-invalid=\"false\" value=\"\" type=\"text\" name=\"your-name\" \/><\/span> <\/label>\n<\/p>\n<p><label> Deine E-Mail-Adresse<br \/>\n<span class=\"wpcf7-form-control-wrap\" data-name=\"your-email\"><input size=\"40\" maxlength=\"400\" class=\"wpcf7-form-control wpcf7-email wpcf7-validates-as-required wpcf7-text wpcf7-validates-as-email\" autocomplete=\"email\" aria-required=\"true\" aria-invalid=\"false\" value=\"\" type=\"email\" name=\"your-email\" \/><\/span> <\/label>\n<\/p>\n<p><label> Betreff<br \/>\n<span class=\"wpcf7-form-control-wrap\" data-name=\"your-subject\"><input size=\"40\" maxlength=\"400\" class=\"wpcf7-form-control wpcf7-text wpcf7-validates-as-required\" aria-required=\"true\" aria-invalid=\"false\" value=\"\" type=\"text\" name=\"your-subject\" \/><\/span> <\/label>\n<\/p>\n<p><label> Deine Nachricht (optional)<br \/>\n<span class=\"wpcf7-form-control-wrap\" data-name=\"your-message\"><textarea cols=\"40\" rows=\"10\" maxlength=\"2000\" class=\"wpcf7-form-control wpcf7-textarea\" aria-invalid=\"false\" name=\"your-message\"><\/textarea><\/span> <\/label>\n<\/p>\n<p><input class=\"wpcf7-form-control wpcf7-submit has-spinner\" type=\"submit\" value=\"Senden\" \/>\n<\/p><div class=\"wpcf7-response-output\" aria-hidden=\"true\"><\/div>\n<\/form>\n<\/div>\n\n\n\n\n<p><\/p>\n","protected":false},"excerpt":{"rendered":"<p>Unser Standort \u2013 Ihr VorteilMit unserem Standort im&nbsp;Z\u00fcrcher Oberland&nbsp;sind wir zentral gelegen, nur einen Steinwurf von&nbsp;Z\u00fcrich&nbsp;entfernt und direkt in der N\u00e4he der Industriezentren. So k\u00f6nnen wir schnell auf Ihre Projekte reagieren und flexibel arbeiten. Projektanfragen lohnen sich immer!\u00a0 Nutzen Sie unser\u00a0Kontaktformular\u00a0und starten Sie noch heute Ihr individuelles 3D-Druck- oder Laserprojekt.<\/p>\n","protected":false},"author":1,"featured_media":0,"parent":0,"menu_order":0,"comment_status":"closed","ping_status":"closed","template":"","meta":{"footnotes":""},"class_list":["post-62","page","type-page","status-publish","hentry"],"yoast_head":"<!-- This site is optimized with the Yoast SEO plugin v26.8 - https:\/\/yoast.com\/product\/yoast-seo-wordpress\/ -->\n<title>Kontakt - FUE Custom Solution<\/title>\n<meta name=\"robots\" content=\"index, follow, max-snippet:-1, max-image-preview:large, max-video-preview:-1\" \/>\n<link rel=\"canonical\" href=\"https:\/\/fue.ch\/index.php\/kontakt\/\" \/>\n<meta property=\"og:locale\" content=\"de_DE\" \/>\n<meta property=\"og:type\" content=\"article\" \/>\n<meta property=\"og:title\" content=\"Kontakt - FUE Custom Solution\" \/>\n<meta property=\"og:description\" content=\"Unser Standort \u2013 Ihr VorteilMit unserem Standort im&nbsp;Z\u00fcrcher Oberland&nbsp;sind wir zentral gelegen, nur einen Steinwurf von&nbsp;Z\u00fcrich&nbsp;entfernt und direkt in der N\u00e4he der Industriezentren. So k\u00f6nnen wir schnell auf Ihre Projekte reagieren und flexibel arbeiten. Projektanfragen lohnen sich immer!\u00a0 Nutzen Sie unser\u00a0Kontaktformular\u00a0und starten Sie noch heute Ihr individuelles 3D-Druck- oder Laserprojekt.\" \/>\n<meta property=\"og:url\" content=\"https:\/\/fue.ch\/index.php\/kontakt\/\" \/>\n<meta property=\"og:site_name\" content=\"FUE Custom Solution\" \/>\n<meta property=\"article:modified_time\" content=\"2026-01-28T08:57:55+00:00\" \/>\n<meta name=\"twitter:card\" content=\"summary_large_image\" \/>\n<meta name=\"twitter:label1\" content=\"Gesch\u00e4tzte Lesezeit\" \/>\n\t<meta name=\"twitter:data1\" content=\"1\u00a0Minute\" \/>\n<script type=\"application\/ld+json\" class=\"yoast-schema-graph\">{\"@context\":\"https:\/\/schema.org\",\"@graph\":[{\"@type\":\"WebPage\",\"@id\":\"https:\/\/fue.ch\/index.php\/kontakt\/\",\"url\":\"https:\/\/fue.ch\/index.php\/kontakt\/\",\"name\":\"Kontakt - FUE Custom Solution\",\"isPartOf\":{\"@id\":\"https:\/\/fue.ch\/#website\"},\"datePublished\":\"2026-01-28T08:54:31+00:00\",\"dateModified\":\"2026-01-28T08:57:55+00:00\",\"breadcrumb\":{\"@id\":\"https:\/\/fue.ch\/index.php\/kontakt\/#breadcrumb\"},\"inLanguage\":\"de\",\"potentialAction\":[{\"@type\":\"ReadAction\",\"target\":[\"https:\/\/fue.ch\/index.php\/kontakt\/\"]}]},{\"@type\":\"BreadcrumbList\",\"@id\":\"https:\/\/fue.ch\/index.php\/kontakt\/#breadcrumb\",\"itemListElement\":[{\"@type\":\"ListItem\",\"position\":1,\"name\":\"Home\",\"item\":\"https:\/\/fue.ch\/\"},{\"@type\":\"ListItem\",\"position\":2,\"name\":\"Kontakt\"}]},{\"@type\":\"WebSite\",\"@id\":\"https:\/\/fue.ch\/#website\",\"url\":\"https:\/\/fue.ch\/\",\"name\":\"FUE Custom Solution\",\"description\":\"Massgeschneiderte 3D-Druckl\u00f6sungen. Pr\u00e4zise. Robust. Einzigartig\",\"potentialAction\":[{\"@type\":\"SearchAction\",\"target\":{\"@type\":\"EntryPoint\",\"urlTemplate\":\"https:\/\/fue.ch\/?s={search_term_string}\"},\"query-input\":{\"@type\":\"PropertyValueSpecification\",\"valueRequired\":true,\"valueName\":\"search_term_string\"}}],\"inLanguage\":\"de\"}]}<\/script>\n<!-- \/ Yoast SEO plugin. -->","yoast_head_json":{"title":"Kontakt - FUE Custom Solution","robots":{"index":"index","follow":"follow","max-snippet":"max-snippet:-1","max-image-preview":"max-image-preview:large","max-video-preview":"max-video-preview:-1"},"canonical":"https:\/\/fue.ch\/index.php\/kontakt\/","og_locale":"de_DE","og_type":"article","og_title":"Kontakt - FUE Custom Solution","og_description":"Unser Standort \u2013 Ihr VorteilMit unserem Standort im&nbsp;Z\u00fcrcher Oberland&nbsp;sind wir zentral gelegen, nur einen Steinwurf von&nbsp;Z\u00fcrich&nbsp;entfernt und direkt in der N\u00e4he der Industriezentren. So k\u00f6nnen wir schnell auf Ihre Projekte reagieren und flexibel arbeiten. Projektanfragen lohnen sich immer!\u00a0 Nutzen Sie unser\u00a0Kontaktformular\u00a0und starten Sie noch heute Ihr individuelles 3D-Druck- oder Laserprojekt.","og_url":"https:\/\/fue.ch\/index.php\/kontakt\/","og_site_name":"FUE Custom Solution","article_modified_time":"2026-01-28T08:57:55+00:00","twitter_card":"summary_large_image","twitter_misc":{"Gesch\u00e4tzte Lesezeit":"1\u00a0Minute"},"schema":{"@context":"https:\/\/schema.org","@graph":[{"@type":"WebPage","@id":"https:\/\/fue.ch\/index.php\/kontakt\/","url":"https:\/\/fue.ch\/index.php\/kontakt\/","name":"Kontakt - FUE Custom Solution","isPartOf":{"@id":"https:\/\/fue.ch\/#website"},"datePublished":"2026-01-28T08:54:31+00:00","dateModified":"2026-01-28T08:57:55+00:00","breadcrumb":{"@id":"https:\/\/fue.ch\/index.php\/kontakt\/#breadcrumb"},"inLanguage":"de","potentialAction":[{"@type":"ReadAction","target":["https:\/\/fue.ch\/index.php\/kontakt\/"]}]},{"@type":"BreadcrumbList","@id":"https:\/\/fue.ch\/index.php\/kontakt\/#breadcrumb","itemListElement":[{"@type":"ListItem","position":1,"name":"Home","item":"https:\/\/fue.ch\/"},{"@type":"ListItem","position":2,"name":"Kontakt"}]},{"@type":"WebSite","@id":"https:\/\/fue.ch\/#website","url":"https:\/\/fue.ch\/","name":"FUE Custom Solution","description":"Massgeschneiderte 3D-Druckl\u00f6sungen. Pr\u00e4zise. Robust. Einzigartig","potentialAction":[{"@type":"SearchAction","target":{"@type":"EntryPoint","urlTemplate":"https:\/\/fue.ch\/?s={search_term_string}"},"query-input":{"@type":"PropertyValueSpecification","valueRequired":true,"valueName":"search_term_string"}}],"inLanguage":"de"}]}},"_links":{"self":[{"href":"https:\/\/fue.ch\/index.php\/wp-json\/wp\/v2\/pages\/62","targetHints":{"allow":["GET"]}}],"collection":[{"href":"https:\/\/fue.ch\/index.php\/wp-json\/wp\/v2\/pages"}],"about":[{"href":"https:\/\/fue.ch\/index.php\/wp-json\/wp\/v2\/types\/page"}],"author":[{"embeddable":true,"href":"https:\/\/fue.ch\/index.php\/wp-json\/wp\/v2\/users\/1"}],"replies":[{"embeddable":true,"href":"https:\/\/fue.ch\/index.php\/wp-json\/wp\/v2\/comments?post=62"}],"version-history":[{"count":6,"href":"https:\/\/fue.ch\/index.php\/wp-json\/wp\/v2\/pages\/62\/revisions"}],"predecessor-version":[{"id":73,"href":"https:\/\/fue.ch\/index.php\/wp-json\/wp\/v2\/pages\/62\/revisions\/73"}],"wp:attachment":[{"href":"https:\/\/fue.ch\/index.php\/wp-json\/wp\/v2\/media?parent=62"}],"curies":[{"name":"wp","href":"https:\/\/api.w.org\/{rel}","templated":true}]}}